{"id":4712,"date":"2025-11-22T05:19:39","date_gmt":"2025-11-22T05:19:39","guid":{"rendered":"https:\/\/oberoi.ba-staging.com\/blog\/"},"modified":"2026-02-11T12:06:07","modified_gmt":"2026-02-11T12:06:07","slug":"blogue","status":"publish","type":"page","link":"https:\/\/oberoi.ba-staging.com\/fr\/blogue\/","title":{"rendered":"Blogue"},"content":{"rendered":"<p>[et_pb_section fb_built=\u00a0\u00bb1&Prime; _builder_version=\u00a0\u00bb4.27.4&Prime; _module_preset=\u00a0\u00bbdefault\u00a0\u00bb background_color=\u00a0\u00bb#f3f1ec\u00a0\u00bb global_colors_info=\u00a0\u00bb{}\u00a0\u00bb][et_pb_row column_structure=\u00a0\u00bb1_2,1_2&Prime; make_equal=\u00a0\u00bbon\u00a0\u00bb module_class=\u00a0\u00bbscroll-watch fade-in\u00a0\u00bb _builder_version=\u00a0\u00bb4.27.4&Prime; _module_preset=\u00a0\u00bbdefault\u00a0\u00bb custom_css_main_element=\u00a0\u00bbalign-items:center;\u00a0\u00bb global_colors_info=\u00a0\u00bb{}\u00a0\u00bb][et_pb_column type=\u00a0\u00bb1_2&Prime; _builder_version=\u00a0\u00bb4.27.4&Prime; _module_preset=\u00a0\u00bbdefault\u00a0\u00bb global_colors_info=\u00a0\u00bb{}\u00a0\u00bb][et_pb_heading title=\u00a0\u00bbVotre source d&rsquo;informations financi\u00e8res fiables\u00a0\u00bb _builder_version=\u00a0\u00bb4.27.5&Prime; _module_preset=\u00a0\u00bbdefault\u00a0\u00bb title_level=\u00a0\u00bbh2&Prime; title_font=\u00a0\u00bbPlayfair Display||||||||\u00a0\u00bb title_text_color=\u00a0\u00bbgcid-34b98196-aa6d-487e-8a5c-7a3bdc14c160&Prime; title_font_size=\u00a0\u00bb50px\u00a0\u00bb background_enable_color=\u00a0\u00bboff\u00a0\u00bb max_width=\u00a0\u00bb450px\u00a0\u00bb custom_margin=\u00a0\u00bb|-143px|20px||false|false\u00a0\u00bb title_font_size_tablet=\u00a0\u00bb45px\u00a0\u00bb title_font_size_phone=\u00a0\u00bb30px\u00a0\u00bb title_font_size_last_edited=\u00a0\u00bbon|phone\u00a0\u00bb global_colors_info=\u00a0\u00bb{%22gcid-34b98196-aa6d-487e-8a5c-7a3bdc14c160%22:%91%22title_text_color%22,%22title_text_color%22%93}\u00a0\u00bb custom_margin_last_edited=\u00a0\u00bbon|phone\u00a0\u00bb custom_margin_phone=\u00a0\u00bb|0px|20px||false|false\u00a0\u00bb custom_margin_tablet=\u00a0\u00bb|-143px|20px||false|false\u00a0\u00bb][\/et_pb_heading][et_pb_text _builder_version=\u00a0\u00bb4.27.4&Prime; _module_preset=\u00a0\u00bbdefault\u00a0\u00bb global_colors_info=\u00a0\u00bb{}\u00a0\u00bb]D\u00e9couvrez des informations, des conseils et des strat\u00e9gies con\u00e7us pour vous aider \u00e0 prendre des d\u00e9cisions financi\u00e8res en toute confiance \u00e0 chaque \u00e9tape de votre vie. [\/et_pb_text][et_pb_button button_url=\u00a0\u00bb#next\u00a0\u00bb button_text=\u00a0\u00bbExplorer les perspectives\u00a0\u00bb button_alignment=\u00a0\u00bbleft\u00a0\u00bb _builder_version=\u00a0\u00bb4.27.4&Prime; _module_preset=\u00a0\u00bbdefault\u00a0\u00bb custom_button=\u00a0\u00bbon\u00a0\u00bb button_text_color=\u00a0\u00bb#FFFFFF\u00a0\u00bb button_bg_color=\u00a0\u00bbgcid-34b98196-aa6d-487e-8a5c-7a3bdc14c160&Prime; button_border_color=\u00a0\u00bbgcid-34b98196-aa6d-487e-8a5c-7a3bdc14c160&Prime; button_icon_color=\u00a0\u00bb#FFFFFF\u00a0\u00bb button_on_hover=\u00a0\u00bboff\u00a0\u00bb custom_padding=\u00a0\u00bb10px|40px|10px|20px|true|false\u00a0\u00bb locked=\u00a0\u00bboff\u00a0\u00bb global_colors_info=\u00a0\u00bb{%22gcid-34b98196-aa6d-487e-8a5c-7a3bdc14c160%22:%91%22button_border_color%22,%22button_bg_color%22,%22button_border_color%22,%22button_bg_color%22%93}\u00a0\u00bb button_text_color__hover_enabled=\u00a0\u00bboff|desktop\u00a0\u00bb button_bg_color__hover_enabled=\u00a0\u00bboff|desktop\u00a0\u00bb][\/et_pb_button][\/et_pb_column][et_pb_column type=\u00a0\u00bb1_2&Prime; _builder_version=\u00a0\u00bb4.27.4&Prime; _module_preset=\u00a0\u00bbdefault\u00a0\u00bb global_colors_info=\u00a0\u00bb{}\u00a0\u00bb][et_pb_image src=\u00a0\u00bbhttps:\/\/oberoi.ba-staging.com\/wp-content\/uploads\/2026\/01\/AdobeStock_1233694911-scaled.jpeg\u00a0\u00bb title_text=\u00a0\u00bbA financial planner assisting a young couple in budgeting for their future\u00a0\u00bb _builder_version=\u00a0\u00bb4.27.4&Prime; _module_preset=\u00a0\u00bbdefault\u00a0\u00bb border_radii=\u00a0\u00bbon|30px|30px|30px|30px\u00a0\u00bb global_colors_info=\u00a0\u00bb{}\u00a0\u00bb][\/et_pb_image][\/et_pb_column][\/et_pb_row][\/et_pb_section][et_pb_section fb_built=\u00a0\u00bb1&Prime; module_id=\u00a0\u00bbnext\u00a0\u00bb _builder_version=\u00a0\u00bb4.27.4&Prime; _module_preset=\u00a0\u00bbdefault\u00a0\u00bb global_colors_info=\u00a0\u00bb{}\u00a0\u00bb][et_pb_row module_class=\u00a0\u00bbscroll-watch fade-in\u00a0\u00bb _builder_version=\u00a0\u00bb4.27.4&Prime; _module_preset=\u00a0\u00bbdefault\u00a0\u00bb global_colors_info=\u00a0\u00bb{}\u00a0\u00bb][et_pb_column type=\u00a0\u00bb4_4&Prime; _builder_version=\u00a0\u00bb4.27.4&Prime; _module_preset=\u00a0\u00bbdefault\u00a0\u00bb custom_css_main_element=\u00a0\u00bbdisplay: flex;||align-items: center;||gap: 20px;||justify-content: center;\u00a0\u00bb global_colors_info=\u00a0\u00bb{}\u00a0\u00bb custom_css_main_element_last_edited=\u00a0\u00bbon|desktop\u00a0\u00bb custom_css_main_element_tablet=\u00a0\u00bbdisplay: flex;||align-items: center;||gap: 30px;||justify-content: center;\u00a0\u00bb custom_css_main_element_phone=\u00a0\u00bbdisplay: flex;||align-items: center;||gap: 30px;||justify-content: center;\u00a0\u00bb][et_pb_text _builder_version=\u00a0\u00bb4.27.4&Prime; _module_preset=\u00a0\u00bbdefault\u00a0\u00bb custom_margin=\u00a0\u00bb||0px||false|false\u00a0\u00bb custom_css_main_element=\u00a0\u00bbflex:1;\u00a0\u00bb global_colors_info=\u00a0\u00bb{}\u00a0\u00bb custom_css_main_element_last_edited=\u00a0\u00bbon|phone\u00a0\u00bb custom_css_main_element_phone=\u00a0\u00bbflex:2;\u00a0\u00bb custom_css_main_element_tablet=\u00a0\u00bbflex:1;\u00a0\u00bb]<\/p>\n<p><strong>Filtrer par :<\/strong><\/p>\n<p>[\/et_pb_text][et_pb_sidebar area=\u00a0\u00bbet_pb_widget_area_1&Prime; module_class=\u00a0\u00bbblog-catlist\u00a0\u00bb _builder_version=\u00a0\u00bb4.27.4&Prime; _module_preset=\u00a0\u00bbdefault\u00a0\u00bb custom_margin=\u00a0\u00bb||0px||false|false\u00a0\u00bb custom_css_main_element=\u00a0\u00bbflex:8;\u00a0\u00bb global_colors_info=\u00a0\u00bb{}\u00a0\u00bb custom_css_main_element_last_edited=\u00a0\u00bbon|phone\u00a0\u00bb custom_css_main_element_phone=\u00a0\u00bbflex:7;\u00a0\u00bb custom_css_main_element_tablet=\u00a0\u00bbflex:8;\u00a0\u00bb][\/et_pb_sidebar][\/et_pb_column][\/et_pb_row][et_pb_row module_class=\u00a0\u00bbscroll-watch fade-in\u00a0\u00bb _builder_version=\u00a0\u00bb4.27.4&Prime; _module_preset=\u00a0\u00bbdefault\u00a0\u00bb global_colors_info=\u00a0\u00bb{}\u00a0\u00bb][et_pb_column type=\u00a0\u00bb4_4&Prime; _builder_version=\u00a0\u00bb4.27.4&Prime; _module_preset=\u00a0\u00bbdefault\u00a0\u00bb global_colors_info=\u00a0\u00bb{}\u00a0\u00bb][et_pb_blog fullwidth=\u00a0\u00bboff\u00a0\u00bb posts_number=\u00a0\u00bb9&Prime; show_more=\u00a0\u00bbon\u00a0\u00bb show_author=\u00a0\u00bboff\u00a0\u00bb show_date=\u00a0\u00bboff\u00a0\u00bb show_categories=\u00a0\u00bboff\u00a0\u00bb show_excerpt=\u00a0\u00bboff\u00a0\u00bb module_class=\u00a0\u00bbnewblog mask-blurb-img\u00a0\u00bb _builder_version=\u00a0\u00bb4.27.4&Prime; _module_preset=\u00a0\u00bbdefault\u00a0\u00bb header_level=\u00a0\u00bbh3&Prime; header_font_size=\u00a0\u00bb18px\u00a0\u00bb header_line_height=\u00a0\u00bb1.35em\u00a0\u00bb read_more_text_color=\u00a0\u00bbgcid-34b98196-aa6d-487e-8a5c-7a3bdc14c160&Prime; pagination_text_color=\u00a0\u00bbgcid-34b98196-aa6d-487e-8a5c-7a3bdc14c160&Prime; border_width_all=\u00a0\u00bb0px\u00a0\u00bb box_shadow_style=\u00a0\u00bbpreset1&Prime; box_shadow_color=\u00a0\u00bbrgba(0,0,0,0.06)\u00a0\u00bb global_colors_info=\u00a0\u00bb{%22gcid-34b98196-aa6d-487e-8a5c-7a3bdc14c160%22:%91%22read_more_text_color%22,%22pagination_text_color%22%93}\u00a0\u00bb][\/et_pb_blog][\/et_pb_column][\/et_pb_row][\/et_pb_section]<\/p>\n","protected":false},"excerpt":{"rendered":"<p>D\u00e9couvrez des informations, des conseils et des strat\u00e9gies con\u00e7us pour vous aider \u00e0 prendre des d\u00e9cisions financi\u00e8res en toute confiance \u00e0 chaque \u00e9tape de votre vie. Filtrer par :<\/p>\n","protected":false},"author":2,"featured_media":5632,"parent":0,"menu_order":0,"comment_status":"closed","ping_status":"closed","template":"","meta":{"_et_pb_use_builder":"on","_et_pb_old_content":"","_et_gb_content_width":"","footnotes":""},"class_list":["post-4712","page","type-page","status-publish","has-post-thumbnail","hentry"],"yoast_head":"<!-- This site is optimized with the Yoast SEO plugin v26.9 - https:\/\/yoast.com\/product\/yoast-seo-wordpress\/ -->\n<title>Blogue | \u00c9quipe de gestion de patrimoine<\/title>\n<meta name=\"description\" content=\"Consultez le blogue d&#039;Oberoi pour des conseils financiers, strat\u00e9gies d&#039;investissement et actualit\u00e9s de notre \u00e9quipe de gestion de patrimoine\" \/>\n<meta name=\"robots\" content=\"noindex, follow, max-snippet:-1, max-image-preview:large, max-video-preview:-1\" \/>\n<meta property=\"og:locale\" content=\"fr_FR\" \/>\n<meta property=\"og:type\" content=\"article\" \/>\n<meta property=\"og:title\" content=\"Blogue | \u00c9quipe de gestion de patrimoine\" \/>\n<meta property=\"og:description\" content=\"Consultez le blogue d&#039;Oberoi pour des conseils financiers, strat\u00e9gies d&#039;investissement et actualit\u00e9s de notre \u00e9quipe de gestion de patrimoine\" \/>\n<meta property=\"og:url\" content=\"https:\/\/oberoi.ba-staging.com\/blog\/\" \/>\n<meta property=\"og:site_name\" content=\"Oberoi Financial Group | Plan Your Future Today\" \/>\n<meta property=\"article:publisher\" content=\"https:\/\/www.facebook.com\/profile.php?id=100054358579062\" \/>\n<meta property=\"article:modified_time\" content=\"2026-02-11T12:06:07+00:00\" \/>\n<meta property=\"og:image\" content=\"https:\/\/oberoi.ba-staging.com\/wp-content\/uploads\/2026\/02\/Oberoi-Logo-1.png\" \/>\n\t<meta property=\"og:image:width\" content=\"400\" \/>\n\t<meta property=\"og:image:height\" content=\"400\" \/>\n\t<meta property=\"og:image:type\" content=\"image\/png\" \/>\n<meta name=\"twitter:card\" content=\"summary_large_image\" \/>\n<meta name=\"twitter:label1\" content=\"Dur\u00e9e de lecture estim\u00e9e\" \/>\n\t<meta name=\"twitter:data1\" content=\"5 minutes\" \/>\n<script type=\"application\/ld+json\" class=\"yoast-schema-graph\">{\"@context\":\"https:\/\/schema.org\",\"@graph\":[{\"@type\":\"WebPage\",\"@id\":\"https:\/\/oberoi.ba-staging.com\/blog\/\",\"url\":\"https:\/\/oberoi.ba-staging.com\/blog\/\",\"name\":\"Blogue | \u00c9quipe de gestion de patrimoine\",\"isPartOf\":{\"@id\":\"https:\/\/oberoi.ba-staging.com\/#website\"},\"primaryImageOfPage\":{\"@id\":\"https:\/\/oberoi.ba-staging.com\/blog\/#primaryimage\"},\"image\":{\"@id\":\"https:\/\/oberoi.ba-staging.com\/blog\/#primaryimage\"},\"thumbnailUrl\":\"https:\/\/oberoi.ba-staging.com\/wp-content\/uploads\/2026\/02\/Oberoi-Logo-1.png\",\"datePublished\":\"2025-11-22T05:19:39+00:00\",\"dateModified\":\"2026-02-11T12:06:07+00:00\",\"description\":\"Consultez le blogue d'Oberoi pour des conseils financiers, strat\u00e9gies d'investissement et actualit\u00e9s de notre \u00e9quipe de gestion de patrimoine\",\"breadcrumb\":{\"@id\":\"https:\/\/oberoi.ba-staging.com\/blog\/#breadcrumb\"},\"inLanguage\":\"fr-FR\",\"potentialAction\":[{\"@type\":\"ReadAction\",\"target\":[\"https:\/\/oberoi.ba-staging.com\/blog\/\"]}]},{\"@type\":\"ImageObject\",\"inLanguage\":\"fr-FR\",\"@id\":\"https:\/\/oberoi.ba-staging.com\/blog\/#primaryimage\",\"url\":\"https:\/\/oberoi.ba-staging.com\/wp-content\/uploads\/2026\/02\/Oberoi-Logo-1.png\",\"contentUrl\":\"https:\/\/oberoi.ba-staging.com\/wp-content\/uploads\/2026\/02\/Oberoi-Logo-1.png\",\"width\":400,\"height\":400},{\"@type\":\"BreadcrumbList\",\"@id\":\"https:\/\/oberoi.ba-staging.com\/blog\/#breadcrumb\",\"itemListElement\":[{\"@type\":\"ListItem\",\"position\":1,\"name\":\"Home\",\"item\":\"https:\/\/oberoi.ba-staging.com\/fr\/\"},{\"@type\":\"ListItem\",\"position\":2,\"name\":\"Blogue\"}]},{\"@type\":\"WebSite\",\"@id\":\"https:\/\/oberoi.ba-staging.com\/#website\",\"url\":\"https:\/\/oberoi.ba-staging.com\/\",\"name\":\"Oberoi Financial Group | Plan Your Future Today\",\"description\":\"\",\"publisher\":{\"@id\":\"https:\/\/oberoi.ba-staging.com\/#organization\"},\"potentialAction\":[{\"@type\":\"SearchAction\",\"target\":{\"@type\":\"EntryPoint\",\"urlTemplate\":\"https:\/\/oberoi.ba-staging.com\/?s={search_term_string}\"},\"query-input\":{\"@type\":\"PropertyValueSpecification\",\"valueRequired\":true,\"valueName\":\"search_term_string\"}}],\"inLanguage\":\"fr-FR\"},{\"@type\":\"Organization\",\"@id\":\"https:\/\/oberoi.ba-staging.com\/#organization\",\"name\":\"Oberoi Financial Group | Plan Your Future Today\",\"url\":\"https:\/\/oberoi.ba-staging.com\/\",\"logo\":{\"@type\":\"ImageObject\",\"inLanguage\":\"fr-FR\",\"@id\":\"https:\/\/oberoi.ba-staging.com\/#\/schema\/logo\/image\/\",\"url\":\"https:\/\/oberoi.ba-staging.com\/wp-content\/uploads\/2025\/10\/logo.png\",\"contentUrl\":\"https:\/\/oberoi.ba-staging.com\/wp-content\/uploads\/2025\/10\/logo.png\",\"width\":200,\"height\":79,\"caption\":\"Oberoi Financial Group | Plan Your Future Today\"},\"image\":{\"@id\":\"https:\/\/oberoi.ba-staging.com\/#\/schema\/logo\/image\/\"},\"sameAs\":[\"https:\/\/www.facebook.com\/profile.php?id=100054358579062\",\"https:\/\/www.linkedin.com\/company\/90400828\/admin\/page-posts\/published\/\"]}]}<\/script>\n<!-- \/ Yoast SEO plugin. -->","yoast_head_json":{"title":"Blogue | \u00c9quipe de gestion de patrimoine","description":"Consultez le blogue d'Oberoi pour des conseils financiers, strat\u00e9gies d'investissement et actualit\u00e9s de notre \u00e9quipe de gestion de patrimoine","robots":{"index":"noindex","follow":"follow","max-snippet":"max-snippet:-1","max-image-preview":"max-image-preview:large","max-video-preview":"max-video-preview:-1"},"og_locale":"fr_FR","og_type":"article","og_title":"Blogue | \u00c9quipe de gestion de patrimoine","og_description":"Consultez le blogue d'Oberoi pour des conseils financiers, strat\u00e9gies d'investissement et actualit\u00e9s de notre \u00e9quipe de gestion de patrimoine","og_url":"https:\/\/oberoi.ba-staging.com\/blog\/","og_site_name":"Oberoi Financial Group | Plan Your Future Today","article_publisher":"https:\/\/www.facebook.com\/profile.php?id=100054358579062","article_modified_time":"2026-02-11T12:06:07+00:00","og_image":[{"width":400,"height":400,"url":"https:\/\/oberoi.ba-staging.com\/wp-content\/uploads\/2026\/02\/Oberoi-Logo-1.png","type":"image\/png"}],"twitter_card":"summary_large_image","twitter_misc":{"Dur\u00e9e de lecture estim\u00e9e":"5 minutes"},"schema":{"@context":"https:\/\/schema.org","@graph":[{"@type":"WebPage","@id":"https:\/\/oberoi.ba-staging.com\/blog\/","url":"https:\/\/oberoi.ba-staging.com\/blog\/","name":"Blogue | \u00c9quipe de gestion de patrimoine","isPartOf":{"@id":"https:\/\/oberoi.ba-staging.com\/#website"},"primaryImageOfPage":{"@id":"https:\/\/oberoi.ba-staging.com\/blog\/#primaryimage"},"image":{"@id":"https:\/\/oberoi.ba-staging.com\/blog\/#primaryimage"},"thumbnailUrl":"https:\/\/oberoi.ba-staging.com\/wp-content\/uploads\/2026\/02\/Oberoi-Logo-1.png","datePublished":"2025-11-22T05:19:39+00:00","dateModified":"2026-02-11T12:06:07+00:00","description":"Consultez le blogue d'Oberoi pour des conseils financiers, strat\u00e9gies d'investissement et actualit\u00e9s de notre \u00e9quipe de gestion de patrimoine","breadcrumb":{"@id":"https:\/\/oberoi.ba-staging.com\/blog\/#breadcrumb"},"inLanguage":"fr-FR","potentialAction":[{"@type":"ReadAction","target":["https:\/\/oberoi.ba-staging.com\/blog\/"]}]},{"@type":"ImageObject","inLanguage":"fr-FR","@id":"https:\/\/oberoi.ba-staging.com\/blog\/#primaryimage","url":"https:\/\/oberoi.ba-staging.com\/wp-content\/uploads\/2026\/02\/Oberoi-Logo-1.png","contentUrl":"https:\/\/oberoi.ba-staging.com\/wp-content\/uploads\/2026\/02\/Oberoi-Logo-1.png","width":400,"height":400},{"@type":"BreadcrumbList","@id":"https:\/\/oberoi.ba-staging.com\/blog\/#breadcrumb","itemListElement":[{"@type":"ListItem","position":1,"name":"Home","item":"https:\/\/oberoi.ba-staging.com\/fr\/"},{"@type":"ListItem","position":2,"name":"Blogue"}]},{"@type":"WebSite","@id":"https:\/\/oberoi.ba-staging.com\/#website","url":"https:\/\/oberoi.ba-staging.com\/","name":"Oberoi Financial Group | Plan Your Future Today","description":"","publisher":{"@id":"https:\/\/oberoi.ba-staging.com\/#organization"},"potentialAction":[{"@type":"SearchAction","target":{"@type":"EntryPoint","urlTemplate":"https:\/\/oberoi.ba-staging.com\/?s={search_term_string}"},"query-input":{"@type":"PropertyValueSpecification","valueRequired":true,"valueName":"search_term_string"}}],"inLanguage":"fr-FR"},{"@type":"Organization","@id":"https:\/\/oberoi.ba-staging.com\/#organization","name":"Oberoi Financial Group | Plan Your Future Today","url":"https:\/\/oberoi.ba-staging.com\/","logo":{"@type":"ImageObject","inLanguage":"fr-FR","@id":"https:\/\/oberoi.ba-staging.com\/#\/schema\/logo\/image\/","url":"https:\/\/oberoi.ba-staging.com\/wp-content\/uploads\/2025\/10\/logo.png","contentUrl":"https:\/\/oberoi.ba-staging.com\/wp-content\/uploads\/2025\/10\/logo.png","width":200,"height":79,"caption":"Oberoi Financial Group | Plan Your Future Today"},"image":{"@id":"https:\/\/oberoi.ba-staging.com\/#\/schema\/logo\/image\/"},"sameAs":["https:\/\/www.facebook.com\/profile.php?id=100054358579062","https:\/\/www.linkedin.com\/company\/90400828\/admin\/page-posts\/published\/"]}]}},"_links":{"self":[{"href":"https:\/\/oberoi.ba-staging.com\/fr\/wp-json\/wp\/v2\/pages\/4712","targetHints":{"allow":["GET"]}}],"collection":[{"href":"https:\/\/oberoi.ba-staging.com\/fr\/wp-json\/wp\/v2\/pages"}],"about":[{"href":"https:\/\/oberoi.ba-staging.com\/fr\/wp-json\/wp\/v2\/types\/page"}],"author":[{"embeddable":true,"href":"https:\/\/oberoi.ba-staging.com\/fr\/wp-json\/wp\/v2\/users\/2"}],"replies":[{"embeddable":true,"href":"https:\/\/oberoi.ba-staging.com\/fr\/wp-json\/wp\/v2\/comments?post=4712"}],"version-history":[{"count":8,"href":"https:\/\/oberoi.ba-staging.com\/fr\/wp-json\/wp\/v2\/pages\/4712\/revisions"}],"predecessor-version":[{"id":5884,"href":"https:\/\/oberoi.ba-staging.com\/fr\/wp-json\/wp\/v2\/pages\/4712\/revisions\/5884"}],"wp:featuredmedia":[{"embeddable":true,"href":"https:\/\/oberoi.ba-staging.com\/fr\/wp-json\/wp\/v2\/media\/5632"}],"wp:attachment":[{"href":"https:\/\/oberoi.ba-staging.com\/fr\/wp-json\/wp\/v2\/media?parent=4712"}],"curies":[{"name":"wp","href":"https:\/\/api.w.org\/{rel}","templated":true}]}}