{"id":4660,"date":"2025-10-30T17:09:34","date_gmt":"2025-10-30T17:09:34","guid":{"rendered":"https:\/\/oberoi.ba-staging.com\/team\/josee-daraiche-giard\/"},"modified":"2026-02-11T09:59:06","modified_gmt":"2026-02-11T09:59:06","slug":"josee-daraiche-giard","status":"publish","type":"page","link":"https:\/\/oberoi.ba-staging.com\/fr\/equipe\/josee-daraiche-giard\/","title":{"rendered":"Jos\u00e9e Daraiche-Giard"},"content":{"rendered":"<p>[et_pb_section fb_built=\u00a0\u00bb1&Prime; admin_label=\u00a0\u00bbVerticle Line\u00a0\u00bb module_class=\u00a0\u00bbvline\u00a0\u00bb _builder_version=\u00a0\u00bb4.27.4&Prime; _module_preset=\u00a0\u00bbdefault\u00a0\u00bb background_color=\u00a0\u00bbRGBA(255,255,255,0)\u00a0\u00bb positioning=\u00a0\u00bbfixed\u00a0\u00bb position_origin_f=\u00a0\u00bbcenter_center\u00a0\u00bb z_index=\u00a0\u00bb1&Prime; width=\u00a0\u00bb100%\u00a0\u00bb height=\u00a0\u00bb100vh\u00a0\u00bb custom_padding=\u00a0\u00bb0px||0px||true|false\u00a0\u00bb locked=\u00a0\u00bbon\u00a0\u00bb collapsed=\u00a0\u00bbon\u00a0\u00bb global_colors_info=\u00a0\u00bb{}\u00a0\u00bb][et_pb_row module_class=\u00a0\u00bbfull\u00a0\u00bb _builder_version=\u00a0\u00bb4.27.4&Prime; _module_preset=\u00a0\u00bbdefault\u00a0\u00bb width=\u00a0\u00bb100%\u00a0\u00bb max_width=\u00a0\u00bb1462px\u00a0\u00bb custom_padding=\u00a0\u00bb0px||0px||true|false\u00a0\u00bb custom_css_main_element=\u00a0\u00bboverflow: visible;\u00a0\u00bb global_colors_info=\u00a0\u00bb{}\u00a0\u00bb][et_pb_column type=\u00a0\u00bb4_4&Prime; _builder_version=\u00a0\u00bb4.27.4&Prime; _module_preset=\u00a0\u00bbdefault\u00a0\u00bb custom_css_main_element=\u00a0\u00bboverflow: visible;||min-height: 0;\u00a0\u00bb global_colors_info=\u00a0\u00bb{}\u00a0\u00bb][et_pb_code disabled_on=\u00a0\u00bbon|on|on\u00a0\u00bb _builder_version=\u00a0\u00bb4.27.4&Prime; _module_preset=\u00a0\u00bbdefault\u00a0\u00bb background_color=\u00a0\u00bbgcid-cb07045e-ce80-4b77-9d80-44b5c1cda7ec\u00a0\u00bb positioning=\u00a0\u00bbabsolute\u00a0\u00bb position_origin_f=\u00a0\u00bbcenter_left\u00a0\u00bb horizontal_offset=\u00a0\u00bb1vw\u00a0\u00bb width=\u00a0\u00bb100%\u00a0\u00bb max_width=\u00a0\u00bb1.5px\u00a0\u00bb height=\u00a0\u00bb100vh\u00a0\u00bb disabled=\u00a0\u00bbon\u00a0\u00bb global_colors_info=\u00a0\u00bb{%22gcid-cb07045e-ce80-4b77-9d80-44b5c1cda7ec%22:%91%22background_color%22%93}\u00a0\u00bb][\/et_pb_code][et_pb_divider color=\u00a0\u00bbgcid-cb07045e-ce80-4b77-9d80-44b5c1cda7ec\u00a0\u00bb divider_position=\u00a0\u00bbcenter\u00a0\u00bb divider_weight=\u00a0\u00bb1px\u00a0\u00bb _builder_version=\u00a0\u00bb4.27.4&Prime; _module_preset=\u00a0\u00bbdefault\u00a0\u00bb transform_translate=\u00a0\u00bb-50%|0px\u00a0\u00bb transform_translate_linked=\u00a0\u00bboff\u00a0\u00bb transform_rotate=\u00a0\u00bb0deg|0deg|90deg\u00a0\u00bb horizontal_offset=\u00a0\u00bb1.1vw\u00a0\u00bb horizontal_offset_tablet=\u00a0\u00bb0vw\u00a0\u00bb horizontal_offset_phone=\u00a0\u00bb0vw\u00a0\u00bb horizontal_offset_last_edited=\u00a0\u00bbon|tablet\u00a0\u00bb width=\u00a0\u00bb100vh\u00a0\u00bb height=\u00a0\u00bb100vh\u00a0\u00bb hover_transition_duration=\u00a0\u00bb0ms\u00a0\u00bb hover_transition_speed_curve=\u00a0\u00bbease-in-out\u00a0\u00bb locked=\u00a0\u00bboff\u00a0\u00bb global_colors_info=\u00a0\u00bb{%22gcid-cb07045e-ce80-4b77-9d80-44b5c1cda7ec%22:%91%22color%22%93}\u00a0\u00bb][\/et_pb_divider][\/et_pb_column][\/et_pb_row][\/et_pb_section][et_pb_section fb_built=\u00a0\u00bb1&Prime; _builder_version=\u00a0\u00bb4.27.5&Prime; _module_preset=\u00a0\u00bbdefault\u00a0\u00bb background_color=\u00a0\u00bb#f2f0ea\u00a0\u00bb locked=\u00a0\u00bboff\u00a0\u00bb collapsed=\u00a0\u00bboff\u00a0\u00bb global_colors_info=\u00a0\u00bb{}\u00a0\u00bb][et_pb_row column_structure=\u00a0\u00bb1_2,1_2&Prime; module_class=\u00a0\u00bbteam-person-row\u00a0\u00bb _builder_version=\u00a0\u00bb4.27.4&Prime; _module_preset=\u00a0\u00bbdefault\u00a0\u00bb width=\u00a0\u00bb90%\u00a0\u00bb max_width=\u00a0\u00bb1280px\u00a0\u00bb global_colors_info=\u00a0\u00bb{}\u00a0\u00bb][et_pb_column type=\u00a0\u00bb1_2&Prime; _builder_version=\u00a0\u00bb4.27.4&Prime; _module_preset=\u00a0\u00bbdefault\u00a0\u00bb global_colors_info=\u00a0\u00bb{}\u00a0\u00bb][et_pb_image src=\u00a0\u00bbhttps:\/\/rcmbrand.rockco.com\/wp-content\/themes\/rcm\/assets\/imgs\/cb14_map-bg.webp\u00a0\u00bb module_class=\u00a0\u00bbmember-bg-left scroll-watch curtain-down\u00a0\u00bb _builder_version=\u00a0\u00bb4.27.4&Prime; _module_preset=\u00a0\u00bbdefault\u00a0\u00bb positioning=\u00a0\u00bbabsolute\u00a0\u00bb width=\u00a0\u00bb100%\u00a0\u00bb global_colors_info=\u00a0\u00bb{}\u00a0\u00bb][\/et_pb_image][et_pb_image src=\u00a0\u00bbhttps:\/\/oberoi.ba-staging.com\/wp-content\/uploads\/2026\/02\/Josee-Daraiche-Giard.jpg\u00a0\u00bb title_text=\u00a0\u00bbJos\u00e9e-Daraiche-Giard\u00a0\u00bb align=\u00a0\u00bbcenter\u00a0\u00bb module_class=\u00a0\u00bbteam-member scroll-watch fade-in\u00a0\u00bb _builder_version=\u00a0\u00bb4.27.5&Prime; _module_preset=\u00a0\u00bbdefault\u00a0\u00bb height=\u00a0\u00bb580px\u00a0\u00bb custom_margin=\u00a0\u00bb80px||||false|false\u00a0\u00bb hover_enabled=\u00a0\u00bb0&Prime; global_colors_info=\u00a0\u00bb{}\u00a0\u00bb sticky_enabled=\u00a0\u00bb0&Prime;][\/et_pb_image][\/et_pb_column][et_pb_column type=\u00a0\u00bb1_2&Prime; module_class=\u00a0\u00bbscroll-watch fade-in\u00a0\u00bb _builder_version=\u00a0\u00bb4.27.4&Prime; _module_preset=\u00a0\u00bbdefault\u00a0\u00bb global_colors_info=\u00a0\u00bb{}\u00a0\u00bb][et_pb_heading title=\u00a0\u00bbJos\u00e9e Daraiche-Giard\u00a0\u00bb module_class=\u00a0\u00bbscroll-watch fade-in\u00a0\u00bb _builder_version=\u00a0\u00bb4.27.4&Prime; _module_preset=\u00a0\u00bbdefault\u00a0\u00bb title_level=\u00a0\u00bbh2&Prime; title_font=\u00a0\u00bbPlayfair Display||||||||\u00a0\u00bb title_text_color=\u00a0\u00bbgcid-f945d0de-7fb4-444d-bbf3-9560442b3a8d\u00a0\u00bb title_font_size=\u00a0\u00bb55px\u00a0\u00bb background_enable_color=\u00a0\u00bboff\u00a0\u00bb custom_margin=\u00a0\u00bb||20px||false|false\u00a0\u00bb title_font_size_tablet=\u00a0\u00bb45px\u00a0\u00bb title_font_size_phone=\u00a0\u00bb30px\u00a0\u00bb title_font_size_last_edited=\u00a0\u00bbon|desktop\u00a0\u00bb locked=\u00a0\u00bboff\u00a0\u00bb global_colors_info=\u00a0\u00bb{%22gcid-f945d0de-7fb4-444d-bbf3-9560442b3a8d%22:%91%22title_text_color%22,%22title_text_color%22%93}\u00a0\u00bb][\/et_pb_heading][et_pb_text module_class=\u00a0\u00bbscroll-watch fade-in\u00a0\u00bb _builder_version=\u00a0\u00bb4.27.5&Prime; _module_preset=\u00a0\u00bbdefault\u00a0\u00bb text_font=\u00a0\u00bb||||||||\u00a0\u00bb text_font_size=\u00a0\u00bb24px\u00a0\u00bb text_line_height=\u00a0\u00bb1.5em\u00a0\u00bb max_width=\u00a0\u00bb580px\u00a0\u00bb module_alignment=\u00a0\u00bbleft\u00a0\u00bb custom_padding=\u00a0\u00bb|||15px|false|false\u00a0\u00bb border_width_left=\u00a0\u00bb1px\u00a0\u00bb border_color_left=\u00a0\u00bbgcid-34b98196-aa6d-487e-8a5c-7a3bdc14c160&Prime; locked=\u00a0\u00bboff\u00a0\u00bb global_colors_info=\u00a0\u00bb{%22gcid-34b98196-aa6d-487e-8a5c-7a3bdc14c160%22:%91%22border_color_left%22,%22border_color_left%22%93}\u00a0\u00bb]<\/p>\n<p>Adjointe au soutien des op\u00e9rations<\/p>\n<p>[\/et_pb_text][et_pb_text module_class=\u00a0\u00bbscroll-watch fade-in\u00a0\u00bb _builder_version=\u00a0\u00bb4.27.4&Prime; _module_preset=\u00a0\u00bbdefault\u00a0\u00bb text_line_height=\u00a0\u00bb1.5em\u00a0\u00bb module_alignment=\u00a0\u00bbleft\u00a0\u00bb locked=\u00a0\u00bboff\u00a0\u00bb global_colors_info=\u00a0\u00bb{}\u00a0\u00bb]Jos\u00e9e apporte plus de 25 ans d&rsquo;exp\u00e9rience professionnelle diversifi\u00e9e, dont les 12 derni\u00e8res ann\u00e9es consacr\u00e9es au secteur des services financiers. Dans son r\u00f4le cl\u00e9 d&rsquo;adjointe au soutien des op\u00e9rations chez Oberoi Financial Group, elle comble habilement le foss\u00e9 entre les clients et les nombreux fournisseurs que repr\u00e9sente l&rsquo;entreprise.<\/p>\n<p>Avec son sens aigu du d\u00e9tail et son souci de l&rsquo;efficacit\u00e9, Jos\u00e9e excelle dans le traitement des dossiers, la gestion des nouvelles demandes commerciales et la gestion pr\u00e9cise des portefeuilles d&rsquo;investissement.<\/p>\n<p>Son \u00e9thique de travail infatigable et sa volont\u00e9 de relever les d\u00e9fis font d&rsquo;elle un atout indispensable pour l&rsquo;\u00e9quipe. Au-del\u00e0 de ses activit\u00e9s professionnelles, elle aime voyager, immortaliser des moments \u00e0 travers la photographie et s&rsquo;occuper de sa famille.<\/p>\n<p>Parlant couramment l&rsquo;anglais, le fran\u00e7ais, l&rsquo;espagnol et le cr\u00e9ole, Jos\u00e9e incarne la polyvalence et la compr\u00e9hension culturelle tant dans sa vie personnelle que professionnelle.[\/et_pb_text][et_pb_social_media_follow _builder_version=\u00a0\u00bb4.27.4&Prime; _module_preset=\u00a0\u00bbdefault\u00a0\u00bb custom_margin=\u00a0\u00bb||20px||false|false\u00a0\u00bb global_colors_info=\u00a0\u00bb{}\u00a0\u00bb][et_pb_social_media_follow_network social_network=\u00a0\u00bblinkedin\u00a0\u00bb _builder_version=\u00a0\u00bb4.27.4&Prime; _module_preset=\u00a0\u00bbdefault\u00a0\u00bb background_color=\u00a0\u00bbgcid-34b98196-aa6d-487e-8a5c-7a3bdc14c160&Prime; background_enable_color=\u00a0\u00bbon\u00a0\u00bb global_colors_info=\u00a0\u00bb{%22gcid-34b98196-aa6d-487e-8a5c-7a3bdc14c160%22:%91%22background_color%22%93}\u00a0\u00bb follow_button=\u00a0\u00bboff\u00a0\u00bb url_new_window=\u00a0\u00bbon\u00a0\u00bb]linkedin[\/et_pb_social_media_follow_network][\/et_pb_social_media_follow][et_pb_button button_url=\u00a0\u00bbmailto:josee@oberoifinancial.com\u00a0\u00bb button_text=\u00a0\u00bbCourriel\u00a0\u00bb disabled_on=\u00a0\u00bboff|off|off\u00a0\u00bb _builder_version=\u00a0\u00bb4.27.5&Prime; _module_preset=\u00a0\u00bbdefault\u00a0\u00bb custom_button=\u00a0\u00bbon\u00a0\u00bb button_text_color=\u00a0\u00bb#FFFFFF\u00a0\u00bb button_bg_color=\u00a0\u00bbgcid-34b98196-aa6d-487e-8a5c-7a3bdc14c160&Prime; button_border_color=\u00a0\u00bbgcid-34b98196-aa6d-487e-8a5c-7a3bdc14c160&Prime; button_icon_color=\u00a0\u00bb#FFFFFF\u00a0\u00bb button_on_hover=\u00a0\u00bboff\u00a0\u00bb custom_padding=\u00a0\u00bb12px|55px|12px|30px|true|false\u00a0\u00bb locked=\u00a0\u00bboff\u00a0\u00bb global_colors_info=\u00a0\u00bb{%22gcid-34b98196-aa6d-487e-8a5c-7a3bdc14c160%22:%91%22button_bg_color%22,%22button_border_color%22,%22button_bg_color%22,%22button_border_color%22,%22button_border_color%22,%22button_bg_color%22%93}\u00a0\u00bb button_bg_color__hover_enabled=\u00a0\u00bboff|hover\u00a0\u00bb button_bg_enable_color__hover=\u00a0\u00bbon\u00a0\u00bb button_text_color__hover_enabled=\u00a0\u00bboff|hover\u00a0\u00bb button_icon_color__hover=\u00a0\u00bb#FFFFFF\u00a0\u00bb button_icon_color__hover_enabled=\u00a0\u00bbon|hover\u00a0\u00bb][\/et_pb_button][\/et_pb_column][\/et_pb_row][\/et_pb_section]<\/p>\n","protected":false},"excerpt":{"rendered":"<p>Adjointe au soutien des op\u00e9rationsJos\u00e9e apporte plus de 25 ans d&rsquo;exp\u00e9rience professionnelle diversifi\u00e9e, dont les 12 derni\u00e8res ann\u00e9es consacr\u00e9es au secteur des services financiers. Dans son r\u00f4le cl\u00e9 d&rsquo;adjointe au soutien des op\u00e9rations chez Oberoi Financial Group, elle comble habilement le foss\u00e9 entre les clients et les nombreux fournisseurs que repr\u00e9sente l&rsquo;entreprise. Avec son sens [&hellip;]<\/p>\n","protected":false},"author":3,"featured_media":5632,"parent":4636,"menu_order":0,"comment_status":"closed","ping_status":"closed","template":"","meta":{"_et_pb_use_builder":"on","_et_pb_old_content":"","_et_gb_content_width":"","footnotes":""},"class_list":["post-4660","page","type-page","status-publish","has-post-thumbnail","hentry"],"yoast_head":"<!-- This site is optimized with the Yoast SEO plugin v26.9 - https:\/\/yoast.com\/product\/yoast-seo-wordpress\/ -->\n<title>Jos\u00e9e Daraiche Giard | Oberoi<\/title>\n<meta name=\"description\" content=\"Rencontrez Jos\u00e9e Daraiche Giard de l\u2019\u00e9quipe de gestion de patrimoine d\u2019Oberoi \u00e0 Montr\u00e9al, experte en soutien op\u00e9rationnel\" \/>\n<meta name=\"robots\" content=\"noindex, follow, max-snippet:-1, max-image-preview:large, max-video-preview:-1\" \/>\n<meta property=\"og:locale\" content=\"fr_FR\" \/>\n<meta property=\"og:type\" content=\"article\" \/>\n<meta property=\"og:title\" content=\"Jos\u00e9e Daraiche Giard | Oberoi\" \/>\n<meta property=\"og:description\" content=\"Rencontrez Jos\u00e9e Daraiche Giard de l\u2019\u00e9quipe de gestion de patrimoine d\u2019Oberoi \u00e0 Montr\u00e9al, experte en soutien op\u00e9rationnel\" \/>\n<meta property=\"og:url\" content=\"https:\/\/oberoi.ba-staging.com\/wealth-management-team-montreal\/josee-daraiche-giard\/\" \/>\n<meta property=\"og:site_name\" content=\"Oberoi Financial Group | Plan Your Future Today\" \/>\n<meta property=\"article:publisher\" content=\"https:\/\/www.facebook.com\/profile.php?id=100054358579062\" \/>\n<meta property=\"article:modified_time\" content=\"2026-02-11T09:59:06+00:00\" \/>\n<meta property=\"og:image\" content=\"https:\/\/oberoi.ba-staging.com\/wp-content\/uploads\/2026\/02\/Oberoi-Logo-1.png\" \/>\n\t<meta property=\"og:image:width\" content=\"400\" \/>\n\t<meta property=\"og:image:height\" content=\"400\" \/>\n\t<meta property=\"og:image:type\" content=\"image\/png\" \/>\n<meta name=\"twitter:card\" content=\"summary_large_image\" \/>\n<meta name=\"twitter:label1\" content=\"Dur\u00e9e de lecture estim\u00e9e\" \/>\n\t<meta name=\"twitter:data1\" content=\"2 minutes\" \/>\n<script type=\"application\/ld+json\" class=\"yoast-schema-graph\">{\"@context\":\"https:\/\/schema.org\",\"@graph\":[{\"@type\":\"WebPage\",\"@id\":\"https:\/\/oberoi.ba-staging.com\/wealth-management-team-montreal\/josee-daraiche-giard\/\",\"url\":\"https:\/\/oberoi.ba-staging.com\/wealth-management-team-montreal\/josee-daraiche-giard\/\",\"name\":\"Jos\u00e9e Daraiche Giard | Oberoi\",\"isPartOf\":{\"@id\":\"https:\/\/oberoi.ba-staging.com\/#website\"},\"primaryImageOfPage\":{\"@id\":\"https:\/\/oberoi.ba-staging.com\/wealth-management-team-montreal\/josee-daraiche-giard\/#primaryimage\"},\"image\":{\"@id\":\"https:\/\/oberoi.ba-staging.com\/wealth-management-team-montreal\/josee-daraiche-giard\/#primaryimage\"},\"thumbnailUrl\":\"https:\/\/oberoi.ba-staging.com\/wp-content\/uploads\/2026\/02\/Oberoi-Logo-1.png\",\"datePublished\":\"2025-10-30T17:09:34+00:00\",\"dateModified\":\"2026-02-11T09:59:06+00:00\",\"description\":\"Rencontrez Jos\u00e9e Daraiche Giard de l\u2019\u00e9quipe de gestion de patrimoine d\u2019Oberoi \u00e0 Montr\u00e9al, experte en soutien op\u00e9rationnel\",\"breadcrumb\":{\"@id\":\"https:\/\/oberoi.ba-staging.com\/wealth-management-team-montreal\/josee-daraiche-giard\/#breadcrumb\"},\"inLanguage\":\"fr-FR\",\"potentialAction\":[{\"@type\":\"ReadAction\",\"target\":[\"https:\/\/oberoi.ba-staging.com\/wealth-management-team-montreal\/josee-daraiche-giard\/\"]}]},{\"@type\":\"ImageObject\",\"inLanguage\":\"fr-FR\",\"@id\":\"https:\/\/oberoi.ba-staging.com\/wealth-management-team-montreal\/josee-daraiche-giard\/#primaryimage\",\"url\":\"https:\/\/oberoi.ba-staging.com\/wp-content\/uploads\/2026\/02\/Oberoi-Logo-1.png\",\"contentUrl\":\"https:\/\/oberoi.ba-staging.com\/wp-content\/uploads\/2026\/02\/Oberoi-Logo-1.png\",\"width\":400,\"height\":400},{\"@type\":\"BreadcrumbList\",\"@id\":\"https:\/\/oberoi.ba-staging.com\/wealth-management-team-montreal\/josee-daraiche-giard\/#breadcrumb\",\"itemListElement\":[{\"@type\":\"ListItem\",\"position\":1,\"name\":\"Home\",\"item\":\"https:\/\/oberoi.ba-staging.com\/fr\/\"},{\"@type\":\"ListItem\",\"position\":2,\"name\":\"L&#8217;\u00e9quipe\",\"item\":\"https:\/\/oberoi.ba-staging.com\/wealth-management-team-montreal\/\"},{\"@type\":\"ListItem\",\"position\":3,\"name\":\"Jos\u00e9e Daraiche-Giard\"}]},{\"@type\":\"WebSite\",\"@id\":\"https:\/\/oberoi.ba-staging.com\/#website\",\"url\":\"https:\/\/oberoi.ba-staging.com\/\",\"name\":\"Oberoi Financial Group | Plan Your Future Today\",\"description\":\"\",\"publisher\":{\"@id\":\"https:\/\/oberoi.ba-staging.com\/#organization\"},\"potentialAction\":[{\"@type\":\"SearchAction\",\"target\":{\"@type\":\"EntryPoint\",\"urlTemplate\":\"https:\/\/oberoi.ba-staging.com\/?s={search_term_string}\"},\"query-input\":{\"@type\":\"PropertyValueSpecification\",\"valueRequired\":true,\"valueName\":\"search_term_string\"}}],\"inLanguage\":\"fr-FR\"},{\"@type\":\"Organization\",\"@id\":\"https:\/\/oberoi.ba-staging.com\/#organization\",\"name\":\"Oberoi Financial Group | Plan Your Future Today\",\"url\":\"https:\/\/oberoi.ba-staging.com\/\",\"logo\":{\"@type\":\"ImageObject\",\"inLanguage\":\"fr-FR\",\"@id\":\"https:\/\/oberoi.ba-staging.com\/#\/schema\/logo\/image\/\",\"url\":\"https:\/\/oberoi.ba-staging.com\/wp-content\/uploads\/2025\/10\/logo.png\",\"contentUrl\":\"https:\/\/oberoi.ba-staging.com\/wp-content\/uploads\/2025\/10\/logo.png\",\"width\":200,\"height\":79,\"caption\":\"Oberoi Financial Group | Plan Your Future Today\"},\"image\":{\"@id\":\"https:\/\/oberoi.ba-staging.com\/#\/schema\/logo\/image\/\"},\"sameAs\":[\"https:\/\/www.facebook.com\/profile.php?id=100054358579062\",\"https:\/\/www.linkedin.com\/company\/90400828\/admin\/page-posts\/published\/\"]}]}<\/script>\n<!-- \/ Yoast SEO plugin. -->","yoast_head_json":{"title":"Jos\u00e9e Daraiche Giard | Oberoi","description":"Rencontrez Jos\u00e9e Daraiche Giard de l\u2019\u00e9quipe de gestion de patrimoine d\u2019Oberoi \u00e0 Montr\u00e9al, experte en soutien op\u00e9rationnel","robots":{"index":"noindex","follow":"follow","max-snippet":"max-snippet:-1","max-image-preview":"max-image-preview:large","max-video-preview":"max-video-preview:-1"},"og_locale":"fr_FR","og_type":"article","og_title":"Jos\u00e9e Daraiche Giard | Oberoi","og_description":"Rencontrez Jos\u00e9e Daraiche Giard de l\u2019\u00e9quipe de gestion de patrimoine d\u2019Oberoi \u00e0 Montr\u00e9al, experte en soutien op\u00e9rationnel","og_url":"https:\/\/oberoi.ba-staging.com\/wealth-management-team-montreal\/josee-daraiche-giard\/","og_site_name":"Oberoi Financial Group | Plan Your Future Today","article_publisher":"https:\/\/www.facebook.com\/profile.php?id=100054358579062","article_modified_time":"2026-02-11T09:59:06+00:00","og_image":[{"width":400,"height":400,"url":"https:\/\/oberoi.ba-staging.com\/wp-content\/uploads\/2026\/02\/Oberoi-Logo-1.png","type":"image\/png"}],"twitter_card":"summary_large_image","twitter_misc":{"Dur\u00e9e de lecture estim\u00e9e":"2 minutes"},"schema":{"@context":"https:\/\/schema.org","@graph":[{"@type":"WebPage","@id":"https:\/\/oberoi.ba-staging.com\/wealth-management-team-montreal\/josee-daraiche-giard\/","url":"https:\/\/oberoi.ba-staging.com\/wealth-management-team-montreal\/josee-daraiche-giard\/","name":"Jos\u00e9e Daraiche Giard | Oberoi","isPartOf":{"@id":"https:\/\/oberoi.ba-staging.com\/#website"},"primaryImageOfPage":{"@id":"https:\/\/oberoi.ba-staging.com\/wealth-management-team-montreal\/josee-daraiche-giard\/#primaryimage"},"image":{"@id":"https:\/\/oberoi.ba-staging.com\/wealth-management-team-montreal\/josee-daraiche-giard\/#primaryimage"},"thumbnailUrl":"https:\/\/oberoi.ba-staging.com\/wp-content\/uploads\/2026\/02\/Oberoi-Logo-1.png","datePublished":"2025-10-30T17:09:34+00:00","dateModified":"2026-02-11T09:59:06+00:00","description":"Rencontrez Jos\u00e9e Daraiche Giard de l\u2019\u00e9quipe de gestion de patrimoine d\u2019Oberoi \u00e0 Montr\u00e9al, experte en soutien op\u00e9rationnel","breadcrumb":{"@id":"https:\/\/oberoi.ba-staging.com\/wealth-management-team-montreal\/josee-daraiche-giard\/#breadcrumb"},"inLanguage":"fr-FR","potentialAction":[{"@type":"ReadAction","target":["https:\/\/oberoi.ba-staging.com\/wealth-management-team-montreal\/josee-daraiche-giard\/"]}]},{"@type":"ImageObject","inLanguage":"fr-FR","@id":"https:\/\/oberoi.ba-staging.com\/wealth-management-team-montreal\/josee-daraiche-giard\/#primaryimage","url":"https:\/\/oberoi.ba-staging.com\/wp-content\/uploads\/2026\/02\/Oberoi-Logo-1.png","contentUrl":"https:\/\/oberoi.ba-staging.com\/wp-content\/uploads\/2026\/02\/Oberoi-Logo-1.png","width":400,"height":400},{"@type":"BreadcrumbList","@id":"https:\/\/oberoi.ba-staging.com\/wealth-management-team-montreal\/josee-daraiche-giard\/#breadcrumb","itemListElement":[{"@type":"ListItem","position":1,"name":"Home","item":"https:\/\/oberoi.ba-staging.com\/fr\/"},{"@type":"ListItem","position":2,"name":"L&#8217;\u00e9quipe","item":"https:\/\/oberoi.ba-staging.com\/wealth-management-team-montreal\/"},{"@type":"ListItem","position":3,"name":"Jos\u00e9e Daraiche-Giard"}]},{"@type":"WebSite","@id":"https:\/\/oberoi.ba-staging.com\/#website","url":"https:\/\/oberoi.ba-staging.com\/","name":"Oberoi Financial Group | Plan Your Future Today","description":"","publisher":{"@id":"https:\/\/oberoi.ba-staging.com\/#organization"},"potentialAction":[{"@type":"SearchAction","target":{"@type":"EntryPoint","urlTemplate":"https:\/\/oberoi.ba-staging.com\/?s={search_term_string}"},"query-input":{"@type":"PropertyValueSpecification","valueRequired":true,"valueName":"search_term_string"}}],"inLanguage":"fr-FR"},{"@type":"Organization","@id":"https:\/\/oberoi.ba-staging.com\/#organization","name":"Oberoi Financial Group | Plan Your Future Today","url":"https:\/\/oberoi.ba-staging.com\/","logo":{"@type":"ImageObject","inLanguage":"fr-FR","@id":"https:\/\/oberoi.ba-staging.com\/#\/schema\/logo\/image\/","url":"https:\/\/oberoi.ba-staging.com\/wp-content\/uploads\/2025\/10\/logo.png","contentUrl":"https:\/\/oberoi.ba-staging.com\/wp-content\/uploads\/2025\/10\/logo.png","width":200,"height":79,"caption":"Oberoi Financial Group | Plan Your Future Today"},"image":{"@id":"https:\/\/oberoi.ba-staging.com\/#\/schema\/logo\/image\/"},"sameAs":["https:\/\/www.facebook.com\/profile.php?id=100054358579062","https:\/\/www.linkedin.com\/company\/90400828\/admin\/page-posts\/published\/"]}]}},"_links":{"self":[{"href":"https:\/\/oberoi.ba-staging.com\/fr\/wp-json\/wp\/v2\/pages\/4660","targetHints":{"allow":["GET"]}}],"collection":[{"href":"https:\/\/oberoi.ba-staging.com\/fr\/wp-json\/wp\/v2\/pages"}],"about":[{"href":"https:\/\/oberoi.ba-staging.com\/fr\/wp-json\/wp\/v2\/types\/page"}],"author":[{"embeddable":true,"href":"https:\/\/oberoi.ba-staging.com\/fr\/wp-json\/wp\/v2\/users\/3"}],"replies":[{"embeddable":true,"href":"https:\/\/oberoi.ba-staging.com\/fr\/wp-json\/wp\/v2\/comments?post=4660"}],"version-history":[{"count":6,"href":"https:\/\/oberoi.ba-staging.com\/fr\/wp-json\/wp\/v2\/pages\/4660\/revisions"}],"predecessor-version":[{"id":5815,"href":"https:\/\/oberoi.ba-staging.com\/fr\/wp-json\/wp\/v2\/pages\/4660\/revisions\/5815"}],"up":[{"embeddable":true,"href":"https:\/\/oberoi.ba-staging.com\/fr\/wp-json\/wp\/v2\/pages\/4636"}],"wp:featuredmedia":[{"embeddable":true,"href":"https:\/\/oberoi.ba-staging.com\/fr\/wp-json\/wp\/v2\/media\/5632"}],"wp:attachment":[{"href":"https:\/\/oberoi.ba-staging.com\/fr\/wp-json\/wp\/v2\/media?parent=4660"}],"curies":[{"name":"wp","href":"https:\/\/api.w.org\/{rel}","templated":true}]}}